{"id":2941,"date":"2023-07-28T13:19:35","date_gmt":"2023-07-28T10:19:35","guid":{"rendered":"https:\/\/brandsandjoy.com\/project-sense-of-luxury\/"},"modified":"2025-12-14T16:42:02","modified_gmt":"2025-12-14T13:42:02","slug":"prroje-luks-duyular","status":"publish","type":"page","link":"https:\/\/brandsandjoy.com\/tr\/prroje-luks-duyular\/","title":{"rendered":"Proje | L\u00fcks &amp; Duyular"},"content":{"rendered":"\t\t<div data-elementor-type=\"wp-page\" data-elementor-id=\"2941\" class=\"elementor elementor-2941 elementor-597\" data-elementor-post-type=\"page\">\n\t\t\t\t\t\t<section class=\"elementor-section elementor-top-section elementor-element elementor-element-54f4f55a services-details elementor-section-boxed elementor-section-height-default elementor-section-height-default\" data-id=\"54f4f55a\" data-element_type=\"section\" data-e-type=\"section\">\n\t\t\t\t\t\t<div class=\"elementor-container elementor-column-gap-no\">\n\t\t\t\t\t<div class=\"elementor-column elementor-col-50 elementor-top-column elementor-element elementor-element-2eb571c1 services-details__sidebar\" data-id=\"2eb571c1\" data-element_type=\"column\" data-e-type=\"column\">\n\t\t\t<div class=\"elementor-widget-wrap elementor-element-populated\">\n\t\t\t\t\t\t<div class=\"elementor-element elementor-element-f746143 elementor-widget elementor-widget-sidebar-nav\" data-id=\"f746143\" data-element_type=\"widget\" data-e-type=\"widget\" data-widget_type=\"sidebar-nav.default\">\n\t\t\t\t<div class=\"elementor-widget-container\">\n\t\t\t\t\t    <div class=\"services-details__services-list\">\r\n                    <ul id=\"menu-servisler-menusu\" class=\"services-details__services list-unstyled ml-0\"><li id=\"menu-item-2970\" class=\"menu-item menu-item-type-post_type menu-item-object-page menu-item-2970\"><a href=\"https:\/\/brandsandjoy.com\/tr\/prroje-luks-duyular\/\">Proje | L\u00fcks &amp; Duyular<\/a><\/li>\n<li id=\"menu-item-2969\" class=\"menu-item menu-item-type-post_type menu-item-object-page menu-item-2969\"><a href=\"https:\/\/brandsandjoy.com\/tr\/iyi-yasam-festivali\/\">\u0130yi Ya\u015fam Festivali<\/a><\/li>\n<li id=\"menu-item-3178\" class=\"menu-item menu-item-type-post_type menu-item-object-page menu-item-3178\"><a href=\"https:\/\/brandsandjoy.com\/tr\/iyi-yasam-bulusmalari\/\">\u0130yi Ya\u015fam Bulu\u015fmalar\u0131<\/a><\/li>\n<\/ul>            <\/div><!-- \/.service-widget -->\r\n\t\t\t\t<\/div>\n\t\t\t\t<\/div>\n\t\t\t\t\t<\/div>\n\t\t<\/div>\n\t\t\t\t<div class=\"elementor-column elementor-col-50 elementor-top-column elementor-element elementor-element-b0bf4a9 services-details__content\" data-id=\"b0bf4a9\" data-element_type=\"column\" data-e-type=\"column\">\n\t\t\t<div class=\"elementor-widget-wrap elementor-element-populated\">\n\t\t\t\t\t\t<div class=\"elementor-element elementor-element-13c08ab7 elementor-widget elementor-widget-ogency-shape\" data-id=\"13c08ab7\" data-element_type=\"widget\" data-e-type=\"widget\" data-widget_type=\"ogency-shape.default\">\n\t\t\t\t<div class=\"elementor-widget-container\">\n\t\t\t\t\t    <div class=\"services-details__thumb\">\r\n        <img decoding=\"async\" src=\"https:\/\/brandsandjoy.com\/wp-content\/uploads\/2025\/12\/9f6fd37f-ae0a-4133-8af4-9b6d7b82f6fa.webp\" alt=\"9f6fd37f-ae0a-4133-8af4-9b6d7b82f6fa\" title=\"9f6fd37f-ae0a-4133-8af4-9b6d7b82f6fa\" >    <\/div>\r\n\t\t\t\t<\/div>\n\t\t\t\t<\/div>\n\t\t\t\t<div class=\"elementor-element elementor-element-4fa01050 elementor-widget elementor-widget-heading\" data-id=\"4fa01050\" data-element_type=\"widget\" data-e-type=\"widget\" data-widget_type=\"heading.default\">\n\t\t\t\t<div class=\"elementor-widget-container\">\n\t\t\t\t\t<h2 class=\"elementor-heading-title elementor-size-default\">Proje | L\u00fcks &amp; Duyular<\/h2>\t\t\t\t<\/div>\n\t\t\t\t<\/div>\n\t\t\t\t<div class=\"elementor-element elementor-element-627a3f13 elementor-widget elementor-widget-heading\" data-id=\"627a3f13\" data-element_type=\"widget\" data-e-type=\"widget\" data-widget_type=\"heading.default\">\n\t\t\t\t<div class=\"elementor-widget-container\">\n\t\t\t\t\t<p class=\"elementor-heading-title elementor-size-default\">Sense of Luxury, markalara \u00f6zel tasarlanan \u00e7ok duyulu bir l\u00fcks deneyim serisidir.<\/p>\t\t\t\t<\/div>\n\t\t\t\t<\/div>\n\t\t\t\t<div class=\"elementor-element elementor-element-5b1e327 elementor-widget elementor-widget-heading\" data-id=\"5b1e327\" data-element_type=\"widget\" data-e-type=\"widget\" data-widget_type=\"heading.default\">\n\t\t\t\t<div class=\"elementor-widget-container\">\n\t\t\t\t\t<p class=\"elementor-heading-title elementor-size-default\">Koku, tat, ses, dokunma ve g\u00f6rsel estetik \u00fczerine kurgulanan bu deneyim tasar\u0131m\u0131, premium markalar\u0131n misafirleriyle daha g\u00fc\u00e7l\u00fc bir ba\u011f kurmas\u0131n\u0131 sa\u011flar.\nProje; kahve\u2013parf\u00fcm e\u015fle\u015fmeleri, \u015farap aroma e\u011fitimleri, aromaterapi rit\u00fcelleri, T\u00fcrk sanatlar\u0131 workshop\u2019lar\u0131 ve iyi ya\u015fam odakl\u0131 i\u00e7eriklerden olu\u015fan kapsaml\u0131 bir deneyim pazarlamas\u0131 yakla\u015f\u0131m\u0131na sahiptir.\nHer etkinlik, markan\u0131n hik\u00e2yesini be\u015f duyu \u00fczerinden anlatan unutulmaz bir atmosfer yarat\u0131r.<\/p>\t\t\t\t<\/div>\n\t\t\t\t<\/div>\n\t\t\t\t\t<\/div>\n\t\t<\/div>\n\t\t\t\t\t<\/div>\n\t\t<\/section>\n\t\t\t\t<\/div>\n\t\t","protected":false},"excerpt":{"rendered":"<p>Proje | L\u00fcks &amp; Duyular \u0130yi Ya\u015fam Festivali \u0130yi Ya\u015fam Bulu\u015fmalar\u0131 Proje | L\u00fcks &amp; Duyular Sense of Luxury, markalara \u00f6zel tasarlanan \u00e7ok duyulu bir l\u00fcks deneyim serisidir. Koku, tat, ses, dokunma ve g\u00f6rsel estetik \u00fczerine kurgulanan bu deneyim tasar\u0131m\u0131, premium markalar\u0131n misafirleriyle daha g\u00fc\u00e7l\u00fc bir ba\u011f kurmas\u0131n\u0131 sa\u011flar. Proje; kahve\u2013parf\u00fcm e\u015fle\u015fmeleri, \u015farap aroma e\u011fitimleri, [&hellip;]<\/p>\n","protected":false},"author":1,"featured_media":0,"parent":0,"menu_order":0,"comment_status":"closed","ping_status":"closed","template":"elementor_header_footer","meta":{"footnotes":""},"class_list":["post-2941","page","type-page","status-publish","hentry"],"_links":{"self":[{"href":"https:\/\/brandsandjoy.com\/tr\/wp-json\/wp\/v2\/pages\/2941","targetHints":{"allow":["GET"]}}],"collection":[{"href":"https:\/\/brandsandjoy.com\/tr\/wp-json\/wp\/v2\/pages"}],"about":[{"href":"https:\/\/brandsandjoy.com\/tr\/wp-json\/wp\/v2\/types\/page"}],"author":[{"embeddable":true,"href":"https:\/\/brandsandjoy.com\/tr\/wp-json\/wp\/v2\/users\/1"}],"replies":[{"embeddable":true,"href":"https:\/\/brandsandjoy.com\/tr\/wp-json\/wp\/v2\/comments?post=2941"}],"version-history":[{"count":3,"href":"https:\/\/brandsandjoy.com\/tr\/wp-json\/wp\/v2\/pages\/2941\/revisions"}],"predecessor-version":[{"id":3181,"href":"https:\/\/brandsandjoy.com\/tr\/wp-json\/wp\/v2\/pages\/2941\/revisions\/3181"}],"wp:attachment":[{"href":"https:\/\/brandsandjoy.com\/tr\/wp-json\/wp\/v2\/media?parent=2941"}],"curies":[{"name":"wp","href":"https:\/\/api.w.org\/{rel}","templated":true}]}}