{"id":2934,"date":"2023-07-28T13:21:06","date_gmt":"2023-07-28T10:21:06","guid":{"rendered":"https:\/\/brandsandjoy.com\/longevity-gathering\/"},"modified":"2025-12-12T20:05:53","modified_gmt":"2025-12-12T17:05:53","slug":"iyi-yasam-bulusmalari","status":"publish","type":"page","link":"https:\/\/brandsandjoy.com\/tr\/iyi-yasam-bulusmalari\/","title":{"rendered":"\u0130yi Ya\u015fam Bulu\u015fmalar\u0131"},"content":{"rendered":"\t\t<div data-elementor-type=\"wp-page\" data-elementor-id=\"2934\" class=\"elementor elementor-2934 elementor-601\" data-elementor-post-type=\"page\">\n\t\t\t\t\t\t<section class=\"elementor-section elementor-top-section elementor-element elementor-element-1a7ff5ef services-details elementor-section-boxed elementor-section-height-default elementor-section-height-default\" data-id=\"1a7ff5ef\" data-element_type=\"section\" data-e-type=\"section\">\n\t\t\t\t\t\t<div class=\"elementor-container elementor-column-gap-no\">\n\t\t\t\t\t<div class=\"elementor-column elementor-col-50 elementor-top-column elementor-element elementor-element-cada093 services-details__sidebar\" data-id=\"cada093\" data-element_type=\"column\" data-e-type=\"column\">\n\t\t\t<div class=\"elementor-widget-wrap elementor-element-populated\">\n\t\t\t\t\t\t<div class=\"elementor-element elementor-element-4430c189 elementor-widget elementor-widget-sidebar-nav\" data-id=\"4430c189\" data-element_type=\"widget\" data-e-type=\"widget\" data-widget_type=\"sidebar-nav.default\">\n\t\t\t\t<div class=\"elementor-widget-container\">\n\t\t\t\t\t    <div class=\"services-details__services-list\">\r\n                    <ul id=\"menu-servisler-menusu\" class=\"services-details__services list-unstyled ml-0\"><li id=\"menu-item-2970\" class=\"menu-item menu-item-type-post_type menu-item-object-page menu-item-2970\"><a href=\"https:\/\/brandsandjoy.com\/tr\/prroje-luks-duyular\/\">Proje | L\u00fcks &amp; Duyular<\/a><\/li>\n<li id=\"menu-item-2969\" class=\"menu-item menu-item-type-post_type menu-item-object-page menu-item-2969\"><a href=\"https:\/\/brandsandjoy.com\/tr\/iyi-yasam-festivali\/\">\u0130yi Ya\u015fam Festivali<\/a><\/li>\n<li id=\"menu-item-3178\" class=\"menu-item menu-item-type-post_type menu-item-object-page menu-item-3178\"><a href=\"https:\/\/brandsandjoy.com\/tr\/iyi-yasam-bulusmalari\/\">\u0130yi Ya\u015fam Bulu\u015fmalar\u0131<\/a><\/li>\n<\/ul>            <\/div><!-- \/.service-widget -->\r\n\t\t\t\t<\/div>\n\t\t\t\t<\/div>\n\t\t\t\t\t<\/div>\n\t\t<\/div>\n\t\t\t\t<div class=\"elementor-column elementor-col-50 elementor-top-column elementor-element elementor-element-655f8732 services-details__content\" data-id=\"655f8732\" data-element_type=\"column\" data-e-type=\"column\">\n\t\t\t<div class=\"elementor-widget-wrap elementor-element-populated\">\n\t\t\t\t\t\t<div class=\"elementor-element elementor-element-54c78fea elementor-widget elementor-widget-ogency-shape\" data-id=\"54c78fea\" data-element_type=\"widget\" data-e-type=\"widget\" data-widget_type=\"ogency-shape.default\">\n\t\t\t\t<div class=\"elementor-widget-container\">\n\t\t\t\t\t    <div class=\"services-details__thumb\">\r\n        <img decoding=\"async\" src=\"https:\/\/brandsandjoy.com\/wp-content\/uploads\/2025\/12\/d1c39926-5996-4047-99b4-90bbc8e0fdbb.webp\" alt=\"d1c39926-5996-4047-99b4-90bbc8e0fdbb\" title=\"d1c39926-5996-4047-99b4-90bbc8e0fdbb\" >    <\/div>\r\n\t\t\t\t<\/div>\n\t\t\t\t<\/div>\n\t\t\t\t<div class=\"elementor-element elementor-element-7e0f2c1a elementor-widget elementor-widget-heading\" data-id=\"7e0f2c1a\" data-element_type=\"widget\" data-e-type=\"widget\" data-widget_type=\"heading.default\">\n\t\t\t\t<div class=\"elementor-widget-container\">\n\t\t\t\t\t<h2 class=\"elementor-heading-title elementor-size-default\">\u0130yi Ya\u015fam Bulu\u015fmalar\u0131<\/h2>\t\t\t\t<\/div>\n\t\t\t\t<\/div>\n\t\t\t\t<div class=\"elementor-element elementor-element-4844fdfd elementor-widget elementor-widget-text-editor\" data-id=\"4844fdfd\" data-element_type=\"widget\" data-e-type=\"widget\" data-widget_type=\"text-editor.default\">\n\t\t\t\t<div class=\"elementor-widget-container\">\n\t\t\t\t\t\t\t\t\t<p>Longevity Gathering, nefes, hareket ve beslenme \u00fczerinden modern iyi ya\u015fam yakla\u015f\u0131m\u0131n\u0131 sade ve uygulanabilir bir dille ele alan \u00f6zel bir bulu\u015fmad\u0131r.<br \/>9 Aral\u0131k\u2019ta BonVivant Pasaport\u2019ta ger\u00e7ekle\u015fen bu etkinlik, kendine iyi bakmak ve ya\u015fam kalitesini art\u0131rmak isteyen herkes i\u00e7in ilham verici bir ba\u015flang\u0131\u00e7 noktas\u0131 sunar.<\/p>\t\t\t\t\t\t\t\t<\/div>\n\t\t\t\t<\/div>\n\t\t\t\t<div class=\"elementor-element elementor-element-2857556 elementor-widget elementor-widget-heading\" data-id=\"2857556\" data-element_type=\"widget\" data-e-type=\"widget\" data-widget_type=\"heading.default\">\n\t\t\t\t<div class=\"elementor-widget-container\">\n\t\t\t\t\t<h2 class=\"elementor-heading-title elementor-size-default\">PROGRAM DETAYI<\/h2>\t\t\t\t<\/div>\n\t\t\t\t<\/div>\n\t\t\t\t<div class=\"elementor-element elementor-element-305cccda elementor-widget elementor-widget-text-editor\" data-id=\"305cccda\" data-element_type=\"widget\" data-e-type=\"widget\" data-widget_type=\"text-editor.default\">\n\t\t\t\t<div class=\"elementor-widget-container\">\n\t\t\t\t\t\t\t\t\t<p>Sa\u011fl\u0131kl\u0131 At\u0131\u015ft\u0131rmal\u0131k Kokteyl &#8211; Noon Good Food Urla, YayaRaw Food, Lezzetli Ya\u015famlar<br \/><br \/>Longevity &amp; Nefes \u00c7al\u0131\u015fmas\u0131 \u2013 Zeynep K\u00f6ker<br \/><br \/>Beslenme &amp; Longevity Sunumu \u2013 Dr. Murat Balanl\u0131 (Marga Wellness) &amp; Diyetisyen Safiye Ta\u015f<br \/><br \/>Hareket ve Beden Aktivasyonu \u2013 Simge Sam<br \/><br \/>Hediye Partnerlerimiz &#8211; Art de H\u00fcll &amp; Ners Kozmetik<br \/>Dekorasyon Partnerlerimiz &#8211; Nilyum Events<br \/>Mekan Partnerimiz &#8211; BonVivant \u0130zmir<br \/><br \/>Uzmanlar\u0131n y\u00f6nlendirmesiyle beden fark\u0131ndal\u0131\u011f\u0131n\u0131 art\u0131rmay\u0131, g\u00fcnl\u00fck hayata entegre edilebilir longevity prensiplerini \u00f6\u011frenmeyi ve kendinize bir g\u00fcn ay\u0131rman\u0131n g\u00fcc\u00fcn\u00fc hissetmeyi ama\u00e7lar.<\/p>\t\t\t\t\t\t\t\t<\/div>\n\t\t\t\t<\/div>\n\t\t\t\t<div class=\"elementor-element elementor-element-6b88c4bc elementor-widget elementor-widget-heading\" data-id=\"6b88c4bc\" data-element_type=\"widget\" data-e-type=\"widget\" data-widget_type=\"heading.default\">\n\t\t\t\t<div class=\"elementor-widget-container\">\n\t\t\t\t\t<h2 class=\"elementor-heading-title elementor-size-default\">KATILIMCI HED\u0130YELER\u0130<\/h2>\t\t\t\t<\/div>\n\t\t\t\t<\/div>\n\t\t\t\t<div class=\"elementor-element elementor-element-58c15b08 elementor-widget elementor-widget-text-editor\" data-id=\"58c15b08\" data-element_type=\"widget\" data-e-type=\"widget\" data-widget_type=\"text-editor.default\">\n\t\t\t\t<div class=\"elementor-widget-container\">\n\t\t\t\t\t\t\t\t\t<p>Art de H\u00fcll indirim kuponu<br \/>Food Club \u00f6zel indirim kuponu<br \/>Marga Wellness Club indirim Kuponu<br \/><br \/>Etkinlik nefes \u00e7al\u0131\u015fmas\u0131 \u2013 <a href=\"https:\/\/youtu.be\/IehQlvqu_Es?si=II9lwAFX1Ds9qV9v\" target=\"_blank\" rel=\"noopener\">YouTube kay\u0131t linki<\/a><\/p>\t\t\t\t\t\t\t\t<\/div>\n\t\t\t\t<\/div>\n\t\t\t\t<div class=\"elementor-element elementor-element-64ffa83d elementor-widget elementor-widget-image-gallery\" data-id=\"64ffa83d\" data-element_type=\"widget\" data-e-type=\"widget\" data-widget_type=\"image-gallery.default\">\n\t\t\t\t<div class=\"elementor-widget-container\">\n\t\t\t\t\t\t\t<div class=\"elementor-image-gallery\">\n\t\t\t<div id='gallery-1' class='gallery galleryid-2934 gallery-columns-1 gallery-size-full'><figure class='gallery-item'>\n\t\t\t<div class='gallery-icon landscape'>\n\t\t\t\t<a data-elementor-open-lightbox=\"yes\" data-elementor-lightbox-slideshow=\"64ffa83d\" data-elementor-lightbox-title=\"f079d1ef-5e46-42d9-8636-0e9758882f51\" data-e-action-hash=\"#elementor-action%3Aaction%3Dlightbox%26settings%3DeyJpZCI6MzEwMiwidXJsIjoiaHR0cHM6XC9cL2JyYW5kc2FuZGpveS5jb21cL3dwLWNvbnRlbnRcL3VwbG9hZHNcLzIwMjVcLzEyXC9mMDc5ZDFlZi01ZTQ2LTQyZDktODYzNi0wZTk3NTg4ODJmNTEtc2NhbGVkLndlYnAiLCJzbGlkZXNob3ciOiI2NGZmYTgzZCJ9\" href='https:\/\/brandsandjoy.com\/wp-content\/uploads\/2025\/12\/f079d1ef-5e46-42d9-8636-0e9758882f51-scaled.webp'><img fetchpriority=\"high\" decoding=\"async\" width=\"2560\" height=\"1707\" src=\"https:\/\/brandsandjoy.com\/wp-content\/uploads\/2025\/12\/f079d1ef-5e46-42d9-8636-0e9758882f51-scaled.webp\" class=\"attachment-full size-full\" alt=\"\" srcset=\"https:\/\/brandsandjoy.com\/wp-content\/uploads\/2025\/12\/f079d1ef-5e46-42d9-8636-0e9758882f51-scaled.webp 2560w, https:\/\/brandsandjoy.com\/wp-content\/uploads\/2025\/12\/f079d1ef-5e46-42d9-8636-0e9758882f51-300x200.webp 300w, https:\/\/brandsandjoy.com\/wp-content\/uploads\/2025\/12\/f079d1ef-5e46-42d9-8636-0e9758882f51-1024x683.webp 1024w, https:\/\/brandsandjoy.com\/wp-content\/uploads\/2025\/12\/f079d1ef-5e46-42d9-8636-0e9758882f51-768x512.webp 768w, https:\/\/brandsandjoy.com\/wp-content\/uploads\/2025\/12\/f079d1ef-5e46-42d9-8636-0e9758882f51-1536x1024.webp 1536w, https:\/\/brandsandjoy.com\/wp-content\/uploads\/2025\/12\/f079d1ef-5e46-42d9-8636-0e9758882f51-2048x1365.webp 2048w\" sizes=\"(max-width: 2560px) 100vw, 2560px\" \/><\/a>\n\t\t\t<\/div><\/figure><figure class='gallery-item'>\n\t\t\t<div class='gallery-icon landscape'>\n\t\t\t\t<a data-elementor-open-lightbox=\"yes\" data-elementor-lightbox-slideshow=\"64ffa83d\" data-elementor-lightbox-title=\"b9b00cbf-ebd3-4ea2-9630-26216f6b0002\" data-e-action-hash=\"#elementor-action%3Aaction%3Dlightbox%26settings%3DeyJpZCI6MzEwMSwidXJsIjoiaHR0cHM6XC9cL2JyYW5kc2FuZGpveS5jb21cL3dwLWNvbnRlbnRcL3VwbG9hZHNcLzIwMjVcLzEyXC9iOWIwMGNiZi1lYmQzLTRlYTItOTYzMC0yNjIxNmY2YjAwMDItc2NhbGVkLndlYnAiLCJzbGlkZXNob3ciOiI2NGZmYTgzZCJ9\" href='https:\/\/brandsandjoy.com\/wp-content\/uploads\/2025\/12\/b9b00cbf-ebd3-4ea2-9630-26216f6b0002-scaled.webp'><img decoding=\"async\" width=\"2560\" height=\"1707\" src=\"https:\/\/brandsandjoy.com\/wp-content\/uploads\/2025\/12\/b9b00cbf-ebd3-4ea2-9630-26216f6b0002-scaled.webp\" class=\"attachment-full size-full\" alt=\"\" srcset=\"https:\/\/brandsandjoy.com\/wp-content\/uploads\/2025\/12\/b9b00cbf-ebd3-4ea2-9630-26216f6b0002-scaled.webp 2560w, https:\/\/brandsandjoy.com\/wp-content\/uploads\/2025\/12\/b9b00cbf-ebd3-4ea2-9630-26216f6b0002-300x200.webp 300w, https:\/\/brandsandjoy.com\/wp-content\/uploads\/2025\/12\/b9b00cbf-ebd3-4ea2-9630-26216f6b0002-1024x683.webp 1024w, https:\/\/brandsandjoy.com\/wp-content\/uploads\/2025\/12\/b9b00cbf-ebd3-4ea2-9630-26216f6b0002-768x512.webp 768w, https:\/\/brandsandjoy.com\/wp-content\/uploads\/2025\/12\/b9b00cbf-ebd3-4ea2-9630-26216f6b0002-1536x1024.webp 1536w, https:\/\/brandsandjoy.com\/wp-content\/uploads\/2025\/12\/b9b00cbf-ebd3-4ea2-9630-26216f6b0002-2048x1365.webp 2048w\" sizes=\"(max-width: 2560px) 100vw, 2560px\" \/><\/a>\n\t\t\t<\/div><\/figure><figure class='gallery-item'>\n\t\t\t<div class='gallery-icon landscape'>\n\t\t\t\t<a data-elementor-open-lightbox=\"yes\" data-elementor-lightbox-slideshow=\"64ffa83d\" data-elementor-lightbox-title=\"388bf2db-33f4-4ea4-8307-d66108487cf3\" data-e-action-hash=\"#elementor-action%3Aaction%3Dlightbox%26settings%3DeyJpZCI6MzEwMCwidXJsIjoiaHR0cHM6XC9cL2JyYW5kc2FuZGpveS5jb21cL3dwLWNvbnRlbnRcL3VwbG9hZHNcLzIwMjVcLzEyXC8zODhiZjJkYi0zM2Y0LTRlYTQtODMwNy1kNjYxMDg0ODdjZjMtc2NhbGVkLndlYnAiLCJzbGlkZXNob3ciOiI2NGZmYTgzZCJ9\" href='https:\/\/brandsandjoy.com\/wp-content\/uploads\/2025\/12\/388bf2db-33f4-4ea4-8307-d66108487cf3-scaled.webp'><img decoding=\"async\" width=\"2560\" height=\"1707\" src=\"https:\/\/brandsandjoy.com\/wp-content\/uploads\/2025\/12\/388bf2db-33f4-4ea4-8307-d66108487cf3-scaled.webp\" class=\"attachment-full size-full\" alt=\"\" srcset=\"https:\/\/brandsandjoy.com\/wp-content\/uploads\/2025\/12\/388bf2db-33f4-4ea4-8307-d66108487cf3-scaled.webp 2560w, https:\/\/brandsandjoy.com\/wp-content\/uploads\/2025\/12\/388bf2db-33f4-4ea4-8307-d66108487cf3-300x200.webp 300w, https:\/\/brandsandjoy.com\/wp-content\/uploads\/2025\/12\/388bf2db-33f4-4ea4-8307-d66108487cf3-1024x683.webp 1024w, https:\/\/brandsandjoy.com\/wp-content\/uploads\/2025\/12\/388bf2db-33f4-4ea4-8307-d66108487cf3-768x512.webp 768w, https:\/\/brandsandjoy.com\/wp-content\/uploads\/2025\/12\/388bf2db-33f4-4ea4-8307-d66108487cf3-1536x1024.webp 1536w, https:\/\/brandsandjoy.com\/wp-content\/uploads\/2025\/12\/388bf2db-33f4-4ea4-8307-d66108487cf3-2048x1365.webp 2048w\" sizes=\"(max-width: 2560px) 100vw, 2560px\" \/><\/a>\n\t\t\t<\/div><\/figure><figure class='gallery-item'>\n\t\t\t<div class='gallery-icon landscape'>\n\t\t\t\t<a data-elementor-open-lightbox=\"yes\" data-elementor-lightbox-slideshow=\"64ffa83d\" data-elementor-lightbox-title=\"73fbdafa-ccca-4bde-b976-75dd8b9f240d\" data-e-action-hash=\"#elementor-action%3Aaction%3Dlightbox%26settings%3DeyJpZCI6MzA5OSwidXJsIjoiaHR0cHM6XC9cL2JyYW5kc2FuZGpveS5jb21cL3dwLWNvbnRlbnRcL3VwbG9hZHNcLzIwMjVcLzEyXC83M2ZiZGFmYS1jY2NhLTRiZGUtYjk3Ni03NWRkOGI5ZjI0MGQtc2NhbGVkLndlYnAiLCJzbGlkZXNob3ciOiI2NGZmYTgzZCJ9\" href='https:\/\/brandsandjoy.com\/wp-content\/uploads\/2025\/12\/73fbdafa-ccca-4bde-b976-75dd8b9f240d-scaled.webp'><img loading=\"lazy\" decoding=\"async\" width=\"2560\" height=\"1903\" src=\"https:\/\/brandsandjoy.com\/wp-content\/uploads\/2025\/12\/73fbdafa-ccca-4bde-b976-75dd8b9f240d-scaled.webp\" class=\"attachment-full size-full\" alt=\"\" srcset=\"https:\/\/brandsandjoy.com\/wp-content\/uploads\/2025\/12\/73fbdafa-ccca-4bde-b976-75dd8b9f240d-scaled.webp 2560w, https:\/\/brandsandjoy.com\/wp-content\/uploads\/2025\/12\/73fbdafa-ccca-4bde-b976-75dd8b9f240d-300x223.webp 300w, https:\/\/brandsandjoy.com\/wp-content\/uploads\/2025\/12\/73fbdafa-ccca-4bde-b976-75dd8b9f240d-1024x761.webp 1024w, https:\/\/brandsandjoy.com\/wp-content\/uploads\/2025\/12\/73fbdafa-ccca-4bde-b976-75dd8b9f240d-768x571.webp 768w, https:\/\/brandsandjoy.com\/wp-content\/uploads\/2025\/12\/73fbdafa-ccca-4bde-b976-75dd8b9f240d-1536x1142.webp 1536w, https:\/\/brandsandjoy.com\/wp-content\/uploads\/2025\/12\/73fbdafa-ccca-4bde-b976-75dd8b9f240d-2048x1523.webp 2048w\" sizes=\"(max-width: 2560px) 100vw, 2560px\" \/><\/a>\n\t\t\t<\/div><\/figure><figure class='gallery-item'>\n\t\t\t<div class='gallery-icon landscape'>\n\t\t\t\t<a data-elementor-open-lightbox=\"yes\" data-elementor-lightbox-slideshow=\"64ffa83d\" data-elementor-lightbox-title=\"53d49b19-9ee0-49b2-aadd-2c50dba2d244\" data-e-action-hash=\"#elementor-action%3Aaction%3Dlightbox%26settings%3DeyJpZCI6MzA5OCwidXJsIjoiaHR0cHM6XC9cL2JyYW5kc2FuZGpveS5jb21cL3dwLWNvbnRlbnRcL3VwbG9hZHNcLzIwMjVcLzEyXC81M2Q0OWIxOS05ZWUwLTQ5YjItYWFkZC0yYzUwZGJhMmQyNDQud2VicCIsInNsaWRlc2hvdyI6IjY0ZmZhODNkIn0%3D\" href='https:\/\/brandsandjoy.com\/wp-content\/uploads\/2025\/12\/53d49b19-9ee0-49b2-aadd-2c50dba2d244.webp'><img loading=\"lazy\" decoding=\"async\" width=\"2104\" height=\"1144\" src=\"https:\/\/brandsandjoy.com\/wp-content\/uploads\/2025\/12\/53d49b19-9ee0-49b2-aadd-2c50dba2d244.webp\" class=\"attachment-full size-full\" alt=\"\" srcset=\"https:\/\/brandsandjoy.com\/wp-content\/uploads\/2025\/12\/53d49b19-9ee0-49b2-aadd-2c50dba2d244.webp 2104w, https:\/\/brandsandjoy.com\/wp-content\/uploads\/2025\/12\/53d49b19-9ee0-49b2-aadd-2c50dba2d244-300x163.webp 300w, https:\/\/brandsandjoy.com\/wp-content\/uploads\/2025\/12\/53d49b19-9ee0-49b2-aadd-2c50dba2d244-1024x557.webp 1024w, https:\/\/brandsandjoy.com\/wp-content\/uploads\/2025\/12\/53d49b19-9ee0-49b2-aadd-2c50dba2d244-768x418.webp 768w, https:\/\/brandsandjoy.com\/wp-content\/uploads\/2025\/12\/53d49b19-9ee0-49b2-aadd-2c50dba2d244-1536x835.webp 1536w, https:\/\/brandsandjoy.com\/wp-content\/uploads\/2025\/12\/53d49b19-9ee0-49b2-aadd-2c50dba2d244-2048x1114.webp 2048w\" sizes=\"(max-width: 2104px) 100vw, 2104px\" \/><\/a>\n\t\t\t<\/div><\/figure><figure class='gallery-item'>\n\t\t\t<div class='gallery-icon landscape'>\n\t\t\t\t<a data-elementor-open-lightbox=\"yes\" data-elementor-lightbox-slideshow=\"64ffa83d\" data-elementor-lightbox-title=\"1f2315e9-1cfd-475a-a1ee-29e56432e123\" data-e-action-hash=\"#elementor-action%3Aaction%3Dlightbox%26settings%3DeyJpZCI6MzA5NywidXJsIjoiaHR0cHM6XC9cL2JyYW5kc2FuZGpveS5jb21cL3dwLWNvbnRlbnRcL3VwbG9hZHNcLzIwMjVcLzEyXC8xZjIzMTVlOS0xY2ZkLTQ3NWEtYTFlZS0yOWU1NjQzMmUxMjMtc2NhbGVkLndlYnAiLCJzbGlkZXNob3ciOiI2NGZmYTgzZCJ9\" href='https:\/\/brandsandjoy.com\/wp-content\/uploads\/2025\/12\/1f2315e9-1cfd-475a-a1ee-29e56432e123-scaled.webp'><img loading=\"lazy\" decoding=\"async\" width=\"2560\" height=\"1707\" src=\"https:\/\/brandsandjoy.com\/wp-content\/uploads\/2025\/12\/1f2315e9-1cfd-475a-a1ee-29e56432e123-scaled.webp\" class=\"attachment-full size-full\" alt=\"\" srcset=\"https:\/\/brandsandjoy.com\/wp-content\/uploads\/2025\/12\/1f2315e9-1cfd-475a-a1ee-29e56432e123-scaled.webp 2560w, https:\/\/brandsandjoy.com\/wp-content\/uploads\/2025\/12\/1f2315e9-1cfd-475a-a1ee-29e56432e123-300x200.webp 300w, https:\/\/brandsandjoy.com\/wp-content\/uploads\/2025\/12\/1f2315e9-1cfd-475a-a1ee-29e56432e123-1024x683.webp 1024w, https:\/\/brandsandjoy.com\/wp-content\/uploads\/2025\/12\/1f2315e9-1cfd-475a-a1ee-29e56432e123-768x512.webp 768w, https:\/\/brandsandjoy.com\/wp-content\/uploads\/2025\/12\/1f2315e9-1cfd-475a-a1ee-29e56432e123-1536x1024.webp 1536w, https:\/\/brandsandjoy.com\/wp-content\/uploads\/2025\/12\/1f2315e9-1cfd-475a-a1ee-29e56432e123-2048x1365.webp 2048w\" sizes=\"(max-width: 2560px) 100vw, 2560px\" \/><\/a>\n\t\t\t<\/div><\/figure>\n\t\t<\/div>\n\t\t<\/div>\n\t\t\t\t\t\t<\/div>\n\t\t\t\t<\/div>\n\t\t\t\t<div class=\"elementor-element elementor-element-565ee946 elementor-widget elementor-widget-heading\" data-id=\"565ee946\" data-element_type=\"widget\" data-e-type=\"widget\" data-widget_type=\"heading.default\">\n\t\t\t\t<div class=\"elementor-widget-container\">\n\t\t\t\t\t<h2 class=\"elementor-heading-title elementor-size-default\">Bas\u0131ndan<\/h2>\t\t\t\t<\/div>\n\t\t\t\t<\/div>\n\t\t\t\t<div class=\"elementor-element elementor-element-359f91a3 elementor-widget elementor-widget-text-editor\" data-id=\"359f91a3\" data-element_type=\"widget\" data-e-type=\"widget\" data-widget_type=\"text-editor.default\">\n\t\t\t\t<div class=\"elementor-widget-container\">\n\t\t\t\t\t\t\t\t\t<p><a href=\"https:\/\/www.sonmuhur.com\/izmirde-longevity-bulusmasi-dr-balanli-ve-safiye-tastan-altin-gibi-tavsiyeler\" target=\"_blank\" rel=\"noopener\">\u0130zmir&#8217;de, May\u0131s ay\u0131ndaki \u0130yi Ya\u015fam Festivali&#8217;nin \u00f6nc\u00fcs\u00fc olarak BonVivant Pasaport&#8217;ta ger\u00e7ekle\u015fen &#8220;Longevity Gathering \/ \u0130yi Ya\u015fam Bulu\u015fmalar\u0131&#8221; b\u00fcy\u00fck ilgi g\u00f6rd\u00fc.<\/a><\/p>\t\t\t\t\t\t\t\t<\/div>\n\t\t\t\t<\/div>\n\t\t\t\t\t<\/div>\n\t\t<\/div>\n\t\t\t\t\t<\/div>\n\t\t<\/section>\n\t\t\t\t<\/div>\n\t\t","protected":false},"excerpt":{"rendered":"<p>Proje | L\u00fcks &amp; Duyular Live Well Festival \u0130yi Ya\u015fam Bulu\u015fmalar\u0131 \u0130yi Ya\u015fam Bulu\u015fmalar\u0131 Longevity Gathering, nefes, hareket ve beslenme \u00fczerinden modern iyi ya\u015fam yakla\u015f\u0131m\u0131n\u0131 sade ve uygulanabilir bir dille ele alan \u00f6zel bir bulu\u015fmad\u0131r.9 Aral\u0131k\u2019ta BonVivant Pasaport\u2019ta ger\u00e7ekle\u015fen bu etkinlik, kendine iyi bakmak ve ya\u015fam kalitesini art\u0131rmak isteyen herkes i\u00e7in ilham verici bir ba\u015flang\u0131\u00e7 [&hellip;]<\/p>\n","protected":false},"author":1,"featured_media":0,"parent":0,"menu_order":0,"comment_status":"closed","ping_status":"closed","template":"elementor_header_footer","meta":{"footnotes":""},"class_list":["post-2934","page","type-page","status-publish","hentry"],"_links":{"self":[{"href":"https:\/\/brandsandjoy.com\/tr\/wp-json\/wp\/v2\/pages\/2934","targetHints":{"allow":["GET"]}}],"collection":[{"href":"https:\/\/brandsandjoy.com\/tr\/wp-json\/wp\/v2\/pages"}],"about":[{"href":"https:\/\/brandsandjoy.com\/tr\/wp-json\/wp\/v2\/types\/page"}],"author":[{"embeddable":true,"href":"https:\/\/brandsandjoy.com\/tr\/wp-json\/wp\/v2\/users\/1"}],"replies":[{"embeddable":true,"href":"https:\/\/brandsandjoy.com\/tr\/wp-json\/wp\/v2\/comments?post=2934"}],"version-history":[{"count":21,"href":"https:\/\/brandsandjoy.com\/tr\/wp-json\/wp\/v2\/pages\/2934\/revisions"}],"predecessor-version":[{"id":3177,"href":"https:\/\/brandsandjoy.com\/tr\/wp-json\/wp\/v2\/pages\/2934\/revisions\/3177"}],"wp:attachment":[{"href":"https:\/\/brandsandjoy.com\/tr\/wp-json\/wp\/v2\/media?parent=2934"}],"curies":[{"name":"wp","href":"https:\/\/api.w.org\/{rel}","templated":true}]}}