{"id":2933,"date":"2023-07-28T13:20:18","date_gmt":"2023-07-28T10:20:18","guid":{"rendered":"https:\/\/brandsandjoy.com\/live-well-festival\/"},"modified":"2025-12-14T17:06:30","modified_gmt":"2025-12-14T14:06:30","slug":"iyi-yasam-festivali","status":"publish","type":"page","link":"https:\/\/brandsandjoy.com\/tr\/iyi-yasam-festivali\/","title":{"rendered":"\u0130yi Ya\u015fam Festivali"},"content":{"rendered":"\t\t<div data-elementor-type=\"wp-page\" data-elementor-id=\"2933\" class=\"elementor elementor-2933 elementor-599\" data-elementor-post-type=\"page\">\n\t\t\t\t\t\t<section class=\"elementor-section elementor-top-section elementor-element elementor-element-d738d50 services-details elementor-section-boxed elementor-section-height-default elementor-section-height-default\" data-id=\"d738d50\" data-element_type=\"section\" data-e-type=\"section\">\n\t\t\t\t\t\t<div class=\"elementor-container elementor-column-gap-no\">\n\t\t\t\t\t<div class=\"elementor-column elementor-col-50 elementor-top-column elementor-element elementor-element-5b17f160 services-details__sidebar\" data-id=\"5b17f160\" data-element_type=\"column\" data-e-type=\"column\">\n\t\t\t<div class=\"elementor-widget-wrap elementor-element-populated\">\n\t\t\t\t\t\t<div class=\"elementor-element elementor-element-4399ed7d elementor-widget elementor-widget-sidebar-nav\" data-id=\"4399ed7d\" data-element_type=\"widget\" data-e-type=\"widget\" data-widget_type=\"sidebar-nav.default\">\n\t\t\t\t<div class=\"elementor-widget-container\">\n\t\t\t\t\t    <div class=\"services-details__services-list\">\r\n                    <ul id=\"menu-service-menu\" class=\"services-details__services list-unstyled ml-0\"><li id=\"menu-item-619\" class=\"menu-item menu-item-type-post_type menu-item-object-page menu-item-619\"><a href=\"https:\/\/brandsandjoy.com\/project-sense-of-luxury\/\">Proje | L\u00fcks &amp; Duyular<\/a><\/li>\n<li id=\"menu-item-618\" class=\"menu-item menu-item-type-post_type menu-item-object-page menu-item-618\"><a href=\"https:\/\/brandsandjoy.com\/live-well-festival\/\">\u0130yi Ya\u015fam Festivali<\/a><\/li>\n<li id=\"menu-item-617\" class=\"menu-item menu-item-type-post_type menu-item-object-page menu-item-617\"><a href=\"https:\/\/brandsandjoy.com\/longevity-gathering\/\">\u0130yi Ya\u015fam Bulu\u015fmalar\u0131<\/a><\/li>\n<\/ul>            <\/div><!-- \/.service-widget -->\r\n\t\t\t\t<\/div>\n\t\t\t\t<\/div>\n\t\t\t\t\t<\/div>\n\t\t<\/div>\n\t\t\t\t<div class=\"elementor-column elementor-col-50 elementor-top-column elementor-element elementor-element-4a07b314 services-details__content\" data-id=\"4a07b314\" data-element_type=\"column\" data-e-type=\"column\">\n\t\t\t<div class=\"elementor-widget-wrap elementor-element-populated\">\n\t\t\t\t\t\t<div class=\"elementor-element elementor-element-6aa78f94 elementor-widget elementor-widget-ogency-shape\" data-id=\"6aa78f94\" data-element_type=\"widget\" data-e-type=\"widget\" data-widget_type=\"ogency-shape.default\">\n\t\t\t\t<div class=\"elementor-widget-container\">\n\t\t\t\t\t    <div class=\"services-details__thumb\">\r\n        <img decoding=\"async\" src=\"https:\/\/brandsandjoy.com\/wp-content\/uploads\/2025\/12\/1860f651-8b86-44d9-b7ac-c63c3c511054-1.webp\" alt=\"1860f651-8b86-44d9-b7ac-c63c3c511054\" title=\"1860f651-8b86-44d9-b7ac-c63c3c511054\" >    <\/div>\r\n\t\t\t\t<\/div>\n\t\t\t\t<\/div>\n\t\t\t\t<div class=\"elementor-element elementor-element-57acb92 elementor-widget elementor-widget-heading\" data-id=\"57acb92\" data-element_type=\"widget\" data-e-type=\"widget\" data-widget_type=\"heading.default\">\n\t\t\t\t<div class=\"elementor-widget-container\">\n\t\t\t\t\t<h2 class=\"elementor-heading-title elementor-size-default\">\u0130yi Ya\u015fam Festivali<\/h2>\t\t\t\t<\/div>\n\t\t\t\t<\/div>\n\t\t\t\t<div class=\"elementor-element elementor-element-5b64d8ea elementor-widget elementor-widget-heading\" data-id=\"5b64d8ea\" data-element_type=\"widget\" data-e-type=\"widget\" data-widget_type=\"heading.default\">\n\t\t\t\t<div class=\"elementor-widget-container\">\n\t\t\t\t\t<p class=\"elementor-heading-title elementor-size-default\">\u0130yi Ya\u015fam Festivali, farkl\u0131 ya\u015f gruplar\u0131n\u0131n wellness, spor, sanat, nefes ve hareket gibi alanlarda yeni deneyimler ya\u015fayabildi\u011fi kapsaml\u0131 bir iyi ya\u015fam etkinli\u011fi ve wellness festivalidir.<\/p>\t\t\t\t<\/div>\n\t\t\t\t<\/div>\n\t\t\t\t<div class=\"elementor-element elementor-element-26890298 elementor-widget elementor-widget-heading\" data-id=\"26890298\" data-element_type=\"widget\" data-e-type=\"widget\" data-widget_type=\"heading.default\">\n\t\t\t\t<div class=\"elementor-widget-container\">\n\t\t\t\t\t<p class=\"elementor-heading-title elementor-size-default\">Kat\u0131l\u0131mc\u0131lar; 20 dakikal\u0131k h\u0131zl\u0131 deneyim alanlar\u0131nda yoga, dans, nefes, sanat ve at\u00f6lye \u00e7al\u0131\u015fmalar\u0131n\u0131 ke\u015ffederken, festivalin kermes b\u00f6l\u00fcm\u00fcnde organik ve s\u00fcrd\u00fcr\u00fclebilir \u00fcr\u00fcnlere ula\u015fabilir.\nAyn\u0131 zamanda uzman konu\u015fmac\u0131lar\u0131n yer ald\u0131\u011f\u0131 ilham verici s\u00f6yle\u015filer, festivali g\u00fc\u00e7l\u00fc bir lifestyle &amp; wellness event haline getirir.\n<\/p>\t\t\t\t<\/div>\n\t\t\t\t<\/div>\n\t\t\t\t\t<\/div>\n\t\t<\/div>\n\t\t\t\t\t<\/div>\n\t\t<\/section>\n\t\t\t\t<\/div>\n\t\t","protected":false},"excerpt":{"rendered":"<p>Project | Sense of Luxury Live Well Festival Longevity Gathering \u0130yi Ya\u015fam Festivali \u0130yi Ya\u015fam Festivali, farkl\u0131 ya\u015f gruplar\u0131n\u0131n wellness, spor, sanat, nefes ve hareket gibi alanlarda yeni deneyimler ya\u015fayabildi\u011fi kapsaml\u0131 bir iyi ya\u015fam etkinli\u011fi ve wellness festivalidir. Kat\u0131l\u0131mc\u0131lar; 20 dakikal\u0131k h\u0131zl\u0131 deneyim alanlar\u0131nda yoga, dans, nefes, sanat ve at\u00f6lye \u00e7al\u0131\u015fmalar\u0131n\u0131 ke\u015ffederken, festivalin kermes b\u00f6l\u00fcm\u00fcnde [&hellip;]<\/p>\n","protected":false},"author":1,"featured_media":0,"parent":0,"menu_order":0,"comment_status":"closed","ping_status":"closed","template":"elementor_header_footer","meta":{"footnotes":""},"class_list":["post-2933","page","type-page","status-publish","hentry"],"_links":{"self":[{"href":"https:\/\/brandsandjoy.com\/tr\/wp-json\/wp\/v2\/pages\/2933","targetHints":{"allow":["GET"]}}],"collection":[{"href":"https:\/\/brandsandjoy.com\/tr\/wp-json\/wp\/v2\/pages"}],"about":[{"href":"https:\/\/brandsandjoy.com\/tr\/wp-json\/wp\/v2\/types\/page"}],"author":[{"embeddable":true,"href":"https:\/\/brandsandjoy.com\/tr\/wp-json\/wp\/v2\/users\/1"}],"replies":[{"embeddable":true,"href":"https:\/\/brandsandjoy.com\/tr\/wp-json\/wp\/v2\/comments?post=2933"}],"version-history":[{"count":14,"href":"https:\/\/brandsandjoy.com\/tr\/wp-json\/wp\/v2\/pages\/2933\/revisions"}],"predecessor-version":[{"id":3200,"href":"https:\/\/brandsandjoy.com\/tr\/wp-json\/wp\/v2\/pages\/2933\/revisions\/3200"}],"wp:attachment":[{"href":"https:\/\/brandsandjoy.com\/tr\/wp-json\/wp\/v2\/media?parent=2933"}],"curies":[{"name":"wp","href":"https:\/\/api.w.org\/{rel}","templated":true}]}}