{"id":2897,"date":"2023-07-27T15:08:25","date_gmt":"2023-07-27T12:08:25","guid":{"rendered":"https:\/\/brandsandjoy.com\/contact\/"},"modified":"2025-12-14T19:07:38","modified_gmt":"2025-12-14T16:07:38","slug":"iletisim","status":"publish","type":"page","link":"https:\/\/brandsandjoy.com\/tr\/iletisim\/","title":{"rendered":"\u0130leti\u015fim"},"content":{"rendered":"\t\t<div data-elementor-type=\"wp-page\" data-elementor-id=\"2897\" class=\"elementor elementor-2897 elementor-2039\" data-elementor-post-type=\"page\">\n\t\t\t\t\t\t<section class=\"elementor-section elementor-top-section elementor-element elementor-element-d560447 elementor-section-full_width elementor-section-height-default elementor-section-height-default\" data-id=\"d560447\" data-element_type=\"section\" data-e-type=\"section\">\n\t\t\t\t\t\t<div class=\"elementor-container elementor-column-gap-no\">\n\t\t\t\t\t<div class=\"elementor-column elementor-col-100 elementor-top-column elementor-element elementor-element-7c52c57\" data-id=\"7c52c57\" data-element_type=\"column\" data-e-type=\"column\">\n\t\t\t<div class=\"elementor-widget-wrap elementor-element-populated\">\n\t\t\t\t\t\t<div class=\"elementor-element elementor-element-c21aad3 elementor-widget elementor-widget-ogency-contact-form\" data-id=\"c21aad3\" data-element_type=\"widget\" data-e-type=\"widget\" data-widget_type=\"ogency-contact-form.default\">\n\t\t\t\t<div class=\"elementor-widget-container\">\n\t\t\t\t\t\t<!--Contact Two Start-->\r\n\t<section class=\"contact-two\">\r\n\t\t<div class=\"container wow fadeInUp animated\" data-wow-delay=\"300ms\">\r\n\t\t\t\t\t\t\t<div class=\"section-title text-center\">\r\n\t\t\t\t\t<h5 class=\"section-title__tagline section-title__tagline--has-dots\">Brands &amp; Joy ile ileti\u015fime ge\u00e7in<\/h5><h2 class=\"section-title__title\">Brands &amp; Joy \u0130leti\u015fime ge\u00e7mekten \u00e7ekinmeyin<\/h2>\t\t\t\t<\/div><!-- section-title -->\r\n\t\t\t\t\t\t<div class=\"contact-one__left text-center\">\r\n\t\t\t\t<div class=\"contact-one__form-box\">\r\n\t\t\t\t\t<div class=\"wpcf7 no-js\" id=\"wpcf7-f2902-o1\" lang=\"en-US\" dir=\"ltr\" data-wpcf7-id=\"2902\">\n<div class=\"screen-reader-response\"><p role=\"status\" aria-live=\"polite\" aria-atomic=\"true\"><\/p> <ul><\/ul><\/div>\n<form action=\"\/tr\/wp-json\/wp\/v2\/pages\/2897#wpcf7-f2902-o1\" method=\"post\" class=\"wpcf7-form init\" aria-label=\"Contact form\" novalidate=\"novalidate\" data-status=\"init\">\n<fieldset class=\"hidden-fields-container\"><input type=\"hidden\" name=\"_wpcf7\" value=\"2902\" \/><input type=\"hidden\" name=\"_wpcf7_version\" value=\"6.1.4\" \/><input type=\"hidden\" name=\"_wpcf7_locale\" value=\"en_US\" \/><input type=\"hidden\" name=\"_wpcf7_unit_tag\" value=\"wpcf7-f2902-o1\" \/><input type=\"hidden\" name=\"_wpcf7_container_post\" value=\"0\" \/><input type=\"hidden\" name=\"_wpcf7_posted_data_hash\" value=\"\" \/>\n<\/fieldset>\n<div class=\"row\">\n    <div class=\"col-md-6\">\n        <div class=\"contact-one__input-box\">\n            <span class=\"wpcf7-form-control-wrap\" data-name=\"text-184\"><input size=\"40\" maxlength=\"400\" class=\"wpcf7-form-control wpcf7-text wpcf7-validates-as-required\" aria-required=\"true\" aria-invalid=\"false\" placeholder=\"Ad\u0131n\u0131z\" value=\"\" type=\"text\" name=\"text-184\" \/><\/span>\n        <\/div>\n    <\/div>\n    <div class=\"col-md-6\">\n        <div class=\"contact-one__input-box\">\n            <span class=\"wpcf7-form-control-wrap\" data-name=\"email-695\"><input size=\"40\" maxlength=\"400\" class=\"wpcf7-form-control wpcf7-email wpcf7-validates-as-required wpcf7-text wpcf7-validates-as-email\" aria-required=\"true\" aria-invalid=\"false\" placeholder=\"Email adresiniz\" value=\"\" type=\"email\" name=\"email-695\" \/><\/span>\n        <\/div>\n    <\/div>\n    <div class=\"col-md-6\">\n        <div class=\"contact-one__input-box\">\n            <span class=\"wpcf7-form-control-wrap\" data-name=\"text-186\"><input size=\"40\" maxlength=\"400\" class=\"wpcf7-form-control wpcf7-text wpcf7-validates-as-required\" aria-required=\"true\" aria-invalid=\"false\" placeholder=\"Telefonunuz\" value=\"\" type=\"text\" name=\"text-186\" \/><\/span>\n        <\/div>\n    <\/div>\n    <div class=\"col-md-6\">\n        <div class=\"contact-one__input-box\">\n              <select class=\"selectpicker\" aria-label=\"Default select example\">\n                                                    <option selected>Select service<\/option>\n                                                    <option value=\"1\">Select service 01<\/option>\n                                                    <option value=\"2\">Select service 02<\/option>\n                                                    <option value=\"3\">Select service 03<\/option>\n                                                <\/select>\n        <\/div>\n    <\/div>\n    <div class=\"col-md-12\">\n        <div class=\"contact-one__input-box text-message-box\">\n            <span class=\"wpcf7-form-control-wrap\" data-name=\"textarea-670\"><textarea cols=\"40\" rows=\"10\" maxlength=\"2000\" class=\"wpcf7-form-control wpcf7-textarea wpcf7-validates-as-required\" aria-required=\"true\" aria-invalid=\"false\" placeholder=\"Mesaj\u0131n\u0131z\" name=\"textarea-670\"><\/textarea><\/span>\n        <\/div>\n        <div class=\"contact-one__btn-box\">\n            <button type=\"submit\" class=\"ogency-btn\">Formu G\u00f6nder<\/button>\n        <\/div>\n    <\/div>\n<\/div><div class=\"wpcf7-response-output\" aria-hidden=\"true\"><\/div>\n<\/form>\n<\/div>\t\t\t\t\t<div class=\"result\"><\/div>\r\n\t\t\t\t<\/div>\r\n\t\t\t<\/div>\r\n\t\t<\/div>\r\n\t<\/section>\r\n\t<!--Contact Two End-->\r\n\t\t\t\t<\/div>\n\t\t\t\t<\/div>\n\t\t\t\t\t<\/div>\n\t\t<\/div>\n\t\t\t\t\t<\/div>\n\t\t<\/section>\n\t\t\t\t<section class=\"elementor-section elementor-top-section elementor-element elementor-element-e803005 elementor-section-full_width elementor-section-height-default elementor-section-height-default\" data-id=\"e803005\" data-element_type=\"section\" data-e-type=\"section\">\n\t\t\t\t\t\t<div class=\"elementor-container elementor-column-gap-no\">\n\t\t\t\t\t<div class=\"elementor-column elementor-col-100 elementor-top-column elementor-element elementor-element-045aa31\" data-id=\"045aa31\" data-element_type=\"column\" data-e-type=\"column\">\n\t\t\t<div class=\"elementor-widget-wrap elementor-element-populated\">\n\t\t\t\t\t\t<div class=\"elementor-element elementor-element-958a863 elementor-widget elementor-widget-ogency-contact-info\" data-id=\"958a863\" data-element_type=\"widget\" data-e-type=\"widget\" data-widget_type=\"ogency-contact-info.default\">\n\t\t\t\t<div class=\"elementor-widget-container\">\n\t\t\t\t\t\r\n    <!--Contact Info Start-->\r\n    <section class=\"contact-info\">\r\n        <div class=\"container\">\r\n            <div class=\"contact-info__wrapper\">\r\n                <div class=\"row\">\r\n                                            <div class=\"col-xl-4 col-md-6\">\r\n                            <div class=\"contact-info__item\">\r\n                                <div class=\"contact-info__item__icon\">\r\n                                    <span aria-hidden=\"true\" class=\"  icon-place\"><\/span>                                <\/div>\r\n                                <h3 class=\"contact-info__item__title\">Adres<\/h3><p class=\"contact-info__item__text\">Gaziosmanpa\u015fa Bul. Tanyal\u00e7\u0131n \u0130\u015fhan\u0131 No:2\/103 Pasaport\nKonak \u2013 \u0130zmir 35210<\/p>                            <\/div>\r\n                        <\/div>\r\n                                            <div class=\"col-xl-4 col-md-6\">\r\n                            <div class=\"contact-info__item\">\r\n                                <div class=\"contact-info__item__icon\">\r\n                                    <span aria-hidden=\"true\" class=\"   icon-phone\"><\/span>                                <\/div>\r\n                                <h3 class=\"contact-info__item__title contact-info__item__title\">\u0130leti\u015fim<\/h3><p class=\"contact-info__item__text contact-info__item__text\"> <a href=\"mailto:info@brandsandjoy.com\">info@brandsandjoy.com<\/a>\n <a href=\"tel:+902324255286\">+90 232 425 52 86<\/a><\/p>                            <\/div>\r\n                        <\/div>\r\n                                            <div class=\"col-xl-4 col-md-6\">\r\n                            <div class=\"contact-info__item\">\r\n                                <div class=\"contact-info__item__icon\">\r\n                                    <span aria-hidden=\"true\" class=\"   icon-schedule\"><\/span>                                <\/div>\r\n                                <h3 class=\"contact-info__item__title contact-info__item__title contact-info__item__title\">\u00c7al\u0131\u015fma saatlerimiz<\/h3><p class=\"contact-info__item__text contact-info__item__text contact-info__item__text\">Pazartesi- Saat: 8:00 - 18:00<br> Pazar: KAPALI<\/p>                            <\/div>\r\n                        <\/div>\r\n                                    <\/div>\r\n            <\/div>\r\n        <\/div>\r\n    <\/section>\r\n    <!--Contact Info End-->\r\n\r\n\r\n\t\t\t\t<\/div>\n\t\t\t\t<\/div>\n\t\t\t\t\t<\/div>\n\t\t<\/div>\n\t\t\t\t\t<\/div>\n\t\t<\/section>\n\t\t\t\t<section class=\"elementor-section elementor-top-section elementor-element elementor-element-48daebf elementor-section-full_width elementor-section-height-default elementor-section-height-default\" data-id=\"48daebf\" data-element_type=\"section\" data-e-type=\"section\">\n\t\t\t\t\t\t<div class=\"elementor-container elementor-column-gap-no\">\n\t\t\t\t\t<div class=\"elementor-column elementor-col-100 elementor-top-column elementor-element elementor-element-93c8a9d\" data-id=\"93c8a9d\" data-element_type=\"column\" data-e-type=\"column\">\n\t\t\t<div class=\"elementor-widget-wrap elementor-element-populated\">\n\t\t\t\t\t\t<div class=\"elementor-element elementor-element-fca8786 elementor-widget elementor-widget-ogency-google-maps\" data-id=\"fca8786\" data-element_type=\"widget\" data-e-type=\"widget\" data-widget_type=\"ogency-google-maps.default\">\n\t\t\t\t<div class=\"elementor-widget-container\">\n\t\t\t\t\t\t\t<!--Google Map Two Start-->\r\n\t<section class=\"google-map-two\">\r\n\t\t<iframe src=\"https:\/\/maps.google.com\/maps?q=Gaziosmanpa%C5%9Fa%20Bul.%20Tanyal%C3%A7%C4%B1n%20%C4%B0%C5%9Fhan%C4%B1%20No%3A2%2F103%20Pasaport%20Konak%20%E2%80%93%20%C4%B0zmir%2035210&#038;t=m&#038;z=13&#038;output=embed&#038;iwloc=near\" title=\"Gaziosmanpa\u015fa Bul. Tanyal\u00e7\u0131n \u0130\u015fhan\u0131 No:2\/103 Pasaport Konak \u2013 \u0130zmir 35210\" class=\"google-map__one\" aria-label=\"Gaziosmanpa\u015fa Bul. Tanyal\u00e7\u0131n \u0130\u015fhan\u0131 No:2\/103 Pasaport Konak \u2013 \u0130zmir 35210\" allowfullscreen><\/iframe>\r\n\t<\/section>\r\n\t<!--Google Map Two End-->\r\n\r\n\t\t\t\t<\/div>\n\t\t\t\t<\/div>\n\t\t\t\t\t<\/div>\n\t\t<\/div>\n\t\t\t\t\t<\/div>\n\t\t<\/section>\n\t\t\t\t<\/div>\n\t\t","protected":false},"excerpt":{"rendered":"<p>Brands &amp; Joy ile ileti\u015fime ge\u00e7in Brands &amp; Joy \u0130leti\u015fime ge\u00e7mekten \u00e7ekinmeyin Select serviceSelect service 01Select service 02Select service 03 Formu G\u00f6nder Adres Gaziosmanpa\u015fa Bul. Tanyal\u00e7\u0131n \u0130\u015fhan\u0131 No:2\/103 Pasaport Konak \u2013 \u0130zmir 35210 \u0130leti\u015fim info@brandsandjoy.com +90 232 425 52 86 \u00c7al\u0131\u015fma saatlerimiz Pazartesi- Saat: 8:00 &#8211; 18:00 Pazar: KAPALI<\/p>\n","protected":false},"author":1,"featured_media":0,"parent":0,"menu_order":0,"comment_status":"closed","ping_status":"closed","template":"elementor_header_footer","meta":{"footnotes":""},"class_list":["post-2897","page","type-page","status-publish","hentry"],"_links":{"self":[{"href":"https:\/\/brandsandjoy.com\/tr\/wp-json\/wp\/v2\/pages\/2897","targetHints":{"allow":["GET"]}}],"collection":[{"href":"https:\/\/brandsandjoy.com\/tr\/wp-json\/wp\/v2\/pages"}],"about":[{"href":"https:\/\/brandsandjoy.com\/tr\/wp-json\/wp\/v2\/types\/page"}],"author":[{"embeddable":true,"href":"https:\/\/brandsandjoy.com\/tr\/wp-json\/wp\/v2\/users\/1"}],"replies":[{"embeddable":true,"href":"https:\/\/brandsandjoy.com\/tr\/wp-json\/wp\/v2\/comments?post=2897"}],"version-history":[{"count":7,"href":"https:\/\/brandsandjoy.com\/tr\/wp-json\/wp\/v2\/pages\/2897\/revisions"}],"predecessor-version":[{"id":3236,"href":"https:\/\/brandsandjoy.com\/tr\/wp-json\/wp\/v2\/pages\/2897\/revisions\/3236"}],"wp:attachment":[{"href":"https:\/\/brandsandjoy.com\/tr\/wp-json\/wp\/v2\/media?parent=2897"}],"curies":[{"name":"wp","href":"https:\/\/api.w.org\/{rel}","templated":true}]}}