{"id":2871,"date":"2025-04-18T23:14:14","date_gmt":"2025-04-18T20:14:14","guid":{"rendered":"https:\/\/brandsandjoy.com\/services\/"},"modified":"2025-12-14T19:32:26","modified_gmt":"2025-12-14T16:32:26","slug":"hizmetler","status":"publish","type":"page","link":"https:\/\/brandsandjoy.com\/tr\/hizmetler\/","title":{"rendered":"Hizmetler"},"content":{"rendered":"\t\t<div data-elementor-type=\"wp-page\" data-elementor-id=\"2871\" class=\"elementor elementor-2871 elementor-776\" data-elementor-post-type=\"page\">\n\t\t\t\t\t\t<section class=\"elementor-section elementor-top-section elementor-element elementor-element-b043761 elementor-section-full_width elementor-section-height-default elementor-section-height-default\" data-id=\"b043761\" data-element_type=\"section\" data-e-type=\"section\">\n\t\t\t\t\t\t<div class=\"elementor-container elementor-column-gap-no\">\n\t\t\t\t\t<div class=\"elementor-column elementor-col-100 elementor-top-column elementor-element elementor-element-e558eee\" data-id=\"e558eee\" data-element_type=\"column\" data-e-type=\"column\">\n\t\t\t<div class=\"elementor-widget-wrap elementor-element-populated\">\n\t\t\t\t\t\t<div class=\"elementor-element elementor-element-ca4c5d3 elementor-widget elementor-widget-ogency-service\" data-id=\"ca4c5d3\" data-element_type=\"widget\" data-e-type=\"widget\" data-widget_type=\"ogency-service.default\">\n\t\t\t\t<div class=\"elementor-widget-container\">\n\t\t\t\t\t\t<!-- Service Three Start -->\r\n\t<section class=\"service-three\">\r\n\t\t<div class=\"container\">\r\n\t\t\t<div class=\"row\">\r\n\t\t\t\t<div class=\"col-md-7\">\r\n\t\t\t\t\t<div class=\"section-title\">\r\n\t\t\t\t\t\t\t\t\t\t\t<\/div><!-- section-title -->\r\n\t\t\t\t<\/div>\r\n\t\t\t\t<div class=\"col-md-5\">\r\n\t\t\t\t\t\t\t\t\t<\/div>\r\n\t\t\t<\/div>\r\n\t\t<\/div>\r\n\t\t<div class=\"container service-three__container\">\r\n\t\t\t<div class=\"row\">\r\n\t\t\t\t\t\t\t\t\t<div class=\"col-xl-3 col-md-6 wow fadeInUp animated\" data-wow-delay=\"100ms\">\r\n\t\t\t\t\t\t<div class=\"service-three__item\">\r\n\t\t\t\t\t\t\t<div class=\"service-three__item__thumb\">\r\n\t\t\t\t\t\t\t\t<img decoding=\"async\" src=\"https:\/\/brandsandjoy.com\/wp-content\/uploads\/2025\/04\/a01bff73-324a-4ba0-8443-4cfd5999c59f.webp\" alt=\"a01bff73-324a-4ba0-8443-4cfd5999c59f\" title=\"a01bff73-324a-4ba0-8443-4cfd5999c59f\" >\t\t\t\t\t\t\t<\/div><!-- \/.service-image -->\r\n\t\t\t\t\t\t\t<div class=\"service-three__item__normal\">\r\n\t\t\t\t\t\t\t\t<h3 class=\"service-three__item__normal__title\">Se\u00e7ilmi\u015f Deneyimler<\/h3>\t\t\t\t\t\t\t<\/div><!-- \/.service-normal-content -->\r\n\t\t\t\t\t\t\t<div class=\"service-three__item__hover\">\r\n\t\t\t\t\t\t\t\t<h3 class=\"service-three__item__hover__title\">\r\n\t\t\t\t\t\t\t\t\t<a class=\"service-three__item__normal__title \" href=\"\"  >Se\u00e7ilmi\u015f Deneyimler<\/a>\t\t\t\t\t\t\t\t<\/h3><!-- \/.service-title -->\r\n\t\t\t\t\t\t\t\t<p class=\"service-three__item__hover__text\">Butik etkinlikler, duyusal rit\u00fceller ve pop-up konseptleri.<\/p>\t\t\t\t\t\t\t\t\t\t\t\t\t\t\t<\/div><!-- \/.service-hover-content -->\r\n\t\t\t\t\t\t<\/div><!-- \/.service-card-three -->\r\n\t\t\t\t\t<\/div><!-- \/.column -->\r\n\t\t\t\t\t\t\t\t\t<div class=\"col-xl-3 col-md-6 wow fadeInUp animated\" data-wow-delay=\"100ms\">\r\n\t\t\t\t\t\t<div class=\"service-three__item\">\r\n\t\t\t\t\t\t\t<div class=\"service-three__item__thumb\">\r\n\t\t\t\t\t\t\t\t<img decoding=\"async\" src=\"https:\/\/brandsandjoy.com\/wp-content\/uploads\/2025\/04\/144d3761-20e4-4233-af76-4d666946edd9.webp\" alt=\"144d3761-20e4-4233-af76-4d666946edd9\" title=\"144d3761-20e4-4233-af76-4d666946edd9\" >\t\t\t\t\t\t\t<\/div><!-- \/.service-image -->\r\n\t\t\t\t\t\t\t<div class=\"service-three__item__normal\">\r\n\t\t\t\t\t\t\t\t<h3 class=\"service-three__item__normal__title  service-three__item__normal__title\">Marka \u0130\u015fbirlikleri<\/h3>\t\t\t\t\t\t\t<\/div><!-- \/.service-normal-content -->\r\n\t\t\t\t\t\t\t<div class=\"service-three__item__hover\">\r\n\t\t\t\t\t\t\t\t<h3 class=\"service-three__item__hover__title\">\r\n\t\t\t\t\t\t\t\t\t<a class=\"service-three__item__normal__title  service-three__item__normal__title \" href=\"\"  >Marka \u0130\u015fbirlikleri<\/a>\t\t\t\t\t\t\t\t<\/h3><!-- \/.service-title -->\r\n\t\t\t\t\t\t\t\t<p class=\"service-three__item__hover__text service-three__item__hover__text\">Stratejik ortakl\u0131klar ve yarat\u0131c\u0131 e\u015fle\u015ftirme.<\/p>\t\t\t\t\t\t\t\t\t\t\t\t\t\t\t<\/div><!-- \/.service-hover-content -->\r\n\t\t\t\t\t\t<\/div><!-- \/.service-card-three -->\r\n\t\t\t\t\t<\/div><!-- \/.column -->\r\n\t\t\t\t\t\t\t\t\t<div class=\"col-xl-3 col-md-6 wow fadeInUp animated\" data-wow-delay=\"100ms\">\r\n\t\t\t\t\t\t<div class=\"service-three__item\">\r\n\t\t\t\t\t\t\t<div class=\"service-three__item__thumb\">\r\n\t\t\t\t\t\t\t\t<img decoding=\"async\" src=\"https:\/\/brandsandjoy.com\/wp-content\/uploads\/2025\/04\/e5751620-e82f-42e3-94f2-d7bbfe255da0.webp\" alt=\"e5751620-e82f-42e3-94f2-d7bbfe255da0\" title=\"e5751620-e82f-42e3-94f2-d7bbfe255da0\" >\t\t\t\t\t\t\t<\/div><!-- \/.service-image -->\r\n\t\t\t\t\t\t\t<div class=\"service-three__item__normal\">\r\n\t\t\t\t\t\t\t\t<h3 class=\"service-three__item__normal__title  service-three__item__normal__title  service-three__item__normal__title\">Yarat\u0131c\u0131 Y\u00f6netmenlik ve Stil Dan\u0131\u015fmanl\u0131\u011f\u0131<\/h3>\t\t\t\t\t\t\t<\/div><!-- \/.service-normal-content -->\r\n\t\t\t\t\t\t\t<div class=\"service-three__item__hover\">\r\n\t\t\t\t\t\t\t\t<h3 class=\"service-three__item__hover__title\">\r\n\t\t\t\t\t\t\t\t\t<a class=\"service-three__item__normal__title  service-three__item__normal__title  service-three__item__normal__title \" href=\"\"  >Yarat\u0131c\u0131 Y\u00f6netmenlik ve Stil Dan\u0131\u015fmanl\u0131\u011f\u0131<\/a>\t\t\t\t\t\t\t\t<\/h3><!-- \/.service-title -->\r\n\t\t\t\t\t\t\t\t<p class=\"service-three__item__hover__text service-three__item__hover__text service-three__item__hover__text\">G\u00f6rsel hikaye anlat\u0131m\u0131, i\u00e7erik olu\u015fturma ve estetik liderlik.<\/p>\t\t\t\t\t\t\t\t\t\t\t\t\t\t\t<\/div><!-- \/.service-hover-content -->\r\n\t\t\t\t\t\t<\/div><!-- \/.service-card-three -->\r\n\t\t\t\t\t<\/div><!-- \/.column -->\r\n\t\t\t\t\t\t\t\t\t<div class=\"col-xl-3 col-md-6 wow fadeInUp animated\" data-wow-delay=\"100ms\">\r\n\t\t\t\t\t\t<div class=\"service-three__item\">\r\n\t\t\t\t\t\t\t<div class=\"service-three__item__thumb\">\r\n\t\t\t\t\t\t\t\t<img decoding=\"async\" src=\"https:\/\/brandsandjoy.com\/wp-content\/uploads\/2025\/04\/0d90f58b-63f4-41ff-a658-7e02bc636f67.webp\" alt=\"0d90f58b-63f4-41ff-a658-7e02bc636f67\" title=\"0d90f58b-63f4-41ff-a658-7e02bc636f67\" >\t\t\t\t\t\t\t<\/div><!-- \/.service-image -->\r\n\t\t\t\t\t\t\t<div class=\"service-three__item__normal\">\r\n\t\t\t\t\t\t\t\t<h3 class=\"service-three__item__normal__title  service-three__item__normal__title  service-three__item__normal__title  service-three__item__normal__title\">Etkinlik Prod\u00fcksiyonu ve Misafir Deneyimi<\/h3>\t\t\t\t\t\t\t<\/div><!-- \/.service-normal-content -->\r\n\t\t\t\t\t\t\t<div class=\"service-three__item__hover\">\r\n\t\t\t\t\t\t\t\t<h3 class=\"service-three__item__hover__title\">\r\n\t\t\t\t\t\t\t\t\t<a class=\"service-three__item__normal__title  service-three__item__normal__title  service-three__item__normal__title  service-three__item__normal__title \" href=\"\"  >Etkinlik Prod\u00fcksiyonu ve Misafir Deneyimi<\/a>\t\t\t\t\t\t\t\t<\/h3><!-- \/.service-title -->\r\n\t\t\t\t\t\t\t\t<p class=\"service-three__item__hover__text service-three__item__hover__text service-three__item__hover__text service-three__item__hover__text\">D\u00fc\u015f\u00fcnceli konukseverlik ile u\u00e7tan uca koordinasyon.<\/p>\t\t\t\t\t\t\t\t\t\t\t\t\t\t\t<\/div><!-- \/.service-hover-content -->\r\n\t\t\t\t\t\t<\/div><!-- \/.service-card-three -->\r\n\t\t\t\t\t<\/div><!-- \/.column -->\r\n\t\t\t\t\t\t\t<\/div>\r\n\t\t<\/div>\r\n\t<\/section>\r\n\t<!-- Service Three  Start -->\r\n\t\t\t\t<\/div>\n\t\t\t\t<\/div>\n\t\t\t\t\t<\/div>\n\t\t<\/div>\n\t\t\t\t\t<\/div>\n\t\t<\/section>\n\t\t\t\t<section class=\"elementor-section elementor-top-section elementor-element elementor-element-dd27243 elementor-section-full_width elementor-section-height-default elementor-section-height-default\" data-id=\"dd27243\" data-element_type=\"section\" data-e-type=\"section\">\n\t\t\t\t\t\t<div class=\"elementor-container elementor-column-gap-no\">\n\t\t\t\t\t<div class=\"elementor-column elementor-col-100 elementor-top-column elementor-element elementor-element-67e30db\" data-id=\"67e30db\" data-element_type=\"column\" data-e-type=\"column\">\n\t\t\t<div class=\"elementor-widget-wrap elementor-element-populated\">\n\t\t\t\t\t\t<div class=\"elementor-element elementor-element-8c67626 elementor-widget elementor-widget-ogency-sliding-text\" data-id=\"8c67626\" data-element_type=\"widget\" data-e-type=\"widget\" data-widget_type=\"ogency-sliding-text.default\">\n\t\t\t\t<div class=\"elementor-widget-container\">\n\t\t\t\t\t\r\n    <!--Sliding Text Start -->\r\n    <section class=\"sliding-text @@extraClassName\">\r\n        <div class=\"sliding-text__wrap\">\r\n            <ul class=\"sliding-text__list list-unstyled\">\r\n                                    <li class=\"\">Yarat\u0131c\u0131 vizyonun canl\u0131 bir deneyime d\u00f6n\u00fc\u015ft\u00fc\u011f\u00fc yer.<\/li>                                    <li class=\" \">Yarat\u0131c\u0131 vizyonun canl\u0131 bir deneyime d\u00f6n\u00fc\u015ft\u00fc\u011f\u00fc yer.<\/li>                                    <li class=\"  \">Yarat\u0131c\u0131 vizyonun canl\u0131 bir deneyime d\u00f6n\u00fc\u015ft\u00fc\u011f\u00fc yer.<\/li>                                    <li class=\"   \">Yarat\u0131c\u0131 vizyonun canl\u0131 bir deneyime d\u00f6n\u00fc\u015ft\u00fc\u011f\u00fc yer.<\/li>                                    <li class=\"    \">Yarat\u0131c\u0131 vizyonun canl\u0131 bir deneyime d\u00f6n\u00fc\u015ft\u00fc\u011f\u00fc yer.<\/li>                                    <li class=\"     \">Yarat\u0131c\u0131 vizyonun canl\u0131 bir deneyime d\u00f6n\u00fc\u015ft\u00fc\u011f\u00fc yer.<\/li>                                    <li class=\"      \">Yarat\u0131c\u0131 vizyonun canl\u0131 bir deneyime d\u00f6n\u00fc\u015ft\u00fc\u011f\u00fc yer.<\/li>                                    <li class=\"       \">Yarat\u0131c\u0131 vizyonun canl\u0131 bir deneyime d\u00f6n\u00fc\u015ft\u00fc\u011f\u00fc yer.<\/li>                            <\/ul>\r\n        <\/div>\r\n    <\/section>\r\n    <!--Sliding Text Start -->\r\n\t\t\t\t<\/div>\n\t\t\t\t<\/div>\n\t\t\t\t\t<\/div>\n\t\t<\/div>\n\t\t\t\t\t<\/div>\n\t\t<\/section>\n\t\t<div class=\"elementor-element elementor-element-1b256c0 e-flex e-con-boxed e-con e-parent\" data-id=\"1b256c0\" data-element_type=\"container\" data-e-type=\"container\">\n\t\t\t\t\t<div class=\"e-con-inner\">\n\t\t\t\t<div class=\"elementor-element elementor-element-a587965 elementor-widget elementor-widget-heading\" data-id=\"a587965\" data-element_type=\"widget\" data-e-type=\"widget\" data-widget_type=\"heading.default\">\n\t\t\t\t<div class=\"elementor-widget-container\">\n\t\t\t\t\t<h2 class=\"elementor-heading-title elementor-size-default\">Neden Brands &amp; Joy'u Se\u00e7melisiniz?<\/h2>\t\t\t\t<\/div>\n\t\t\t\t<\/div>\n\t\t\t\t<div class=\"elementor-element elementor-element-ee3622a elementor-align-center elementor-icon-list--layout-traditional elementor-list-item-link-full_width elementor-widget elementor-widget-icon-list\" data-id=\"ee3622a\" data-element_type=\"widget\" data-e-type=\"widget\" data-widget_type=\"icon-list.default\">\n\t\t\t\t<div class=\"elementor-widget-container\">\n\t\t\t\t\t\t\t<ul class=\"elementor-icon-list-items\">\n\t\t\t\t\t\t\t<li class=\"elementor-icon-list-item\">\n\t\t\t\t\t\t\t\t\t\t<span class=\"elementor-icon-list-text\">Lojistik \u00f6tesinde d\u00fc\u015f\u00fcn\u00fcyoruz.<\/span>\n\t\t\t\t\t\t\t\t\t<\/li>\n\t\t\t\t\t\t\t\t<li class=\"elementor-icon-list-item\">\n\t\t\t\t\t\t\t\t\t\t<span class=\"elementor-icon-list-text\">Biz s\u00fcslemek de\u011fil, se\u00e7mekten sorumluyuz.<\/span>\n\t\t\t\t\t\t\t\t\t<\/li>\n\t\t\t\t\t\t\t\t<li class=\"elementor-icon-list-item\">\n\t\t\t\t\t\t\t\t\t\t<span class=\"elementor-icon-list-text\">Sadece etkinlikler de\u011fil, duygular da yarat\u0131yoruz.\u2028<\/span>\n\t\t\t\t\t\t\t\t\t<\/li>\n\t\t\t\t\t\t\t\t<li class=\"elementor-icon-list-item\">\n\t\t\t\t\t\t\t\t\t\t<span class=\"elementor-icon-list-text\">L\u00fcks\u00fcn dilini konu\u015fuyoruz.\u2028<\/span>\n\t\t\t\t\t\t\t\t\t<\/li>\n\t\t\t\t\t\t\t\t<li class=\"elementor-icon-list-item\">\n\t\t\t\t\t\t\t\t\t\t<span class=\"elementor-icon-list-text\">Stratejiyi ruhla uyumlu hale getiriyoruz.<\/span>\n\t\t\t\t\t\t\t\t\t<\/li>\n\t\t\t\t\t\t<\/ul>\n\t\t\t\t\t\t<\/div>\n\t\t\t\t<\/div>\n\t\t\t\t\t<\/div>\n\t\t\t\t<\/div>\n\t\t\t\t<\/div>\n\t\t","protected":false},"excerpt":{"rendered":"<p>Se\u00e7ilmi\u015f Deneyimler Se\u00e7ilmi\u015f Deneyimler Butik etkinlikler, duyusal rit\u00fceller ve pop-up konseptleri. Marka \u0130\u015fbirlikleri Marka \u0130\u015fbirlikleri Stratejik ortakl\u0131klar ve yarat\u0131c\u0131 e\u015fle\u015ftirme. Yarat\u0131c\u0131 Y\u00f6netmenlik ve Stil Dan\u0131\u015fmanl\u0131\u011f\u0131 Yarat\u0131c\u0131 Y\u00f6netmenlik ve Stil Dan\u0131\u015fmanl\u0131\u011f\u0131 G\u00f6rsel hikaye anlat\u0131m\u0131, i\u00e7erik olu\u015fturma ve estetik liderlik. Etkinlik Prod\u00fcksiyonu ve Misafir Deneyimi Etkinlik Prod\u00fcksiyonu ve Misafir Deneyimi D\u00fc\u015f\u00fcnceli konukseverlik ile u\u00e7tan uca koordinasyon. Yarat\u0131c\u0131 [&hellip;]<\/p>\n","protected":false},"author":1,"featured_media":0,"parent":0,"menu_order":0,"comment_status":"closed","ping_status":"closed","template":"elementor_header_footer","meta":{"footnotes":""},"class_list":["post-2871","page","type-page","status-publish","hentry"],"_links":{"self":[{"href":"https:\/\/brandsandjoy.com\/tr\/wp-json\/wp\/v2\/pages\/2871","targetHints":{"allow":["GET"]}}],"collection":[{"href":"https:\/\/brandsandjoy.com\/tr\/wp-json\/wp\/v2\/pages"}],"about":[{"href":"https:\/\/brandsandjoy.com\/tr\/wp-json\/wp\/v2\/types\/page"}],"author":[{"embeddable":true,"href":"https:\/\/brandsandjoy.com\/tr\/wp-json\/wp\/v2\/users\/1"}],"replies":[{"embeddable":true,"href":"https:\/\/brandsandjoy.com\/tr\/wp-json\/wp\/v2\/comments?post=2871"}],"version-history":[{"count":7,"href":"https:\/\/brandsandjoy.com\/tr\/wp-json\/wp\/v2\/pages\/2871\/revisions"}],"predecessor-version":[{"id":3243,"href":"https:\/\/brandsandjoy.com\/tr\/wp-json\/wp\/v2\/pages\/2871\/revisions\/3243"}],"wp:attachment":[{"href":"https:\/\/brandsandjoy.com\/tr\/wp-json\/wp\/v2\/media?parent=2871"}],"curies":[{"name":"wp","href":"https:\/\/api.w.org\/{rel}","templated":true}]}}