{"id":2817,"date":"2023-07-27T15:06:52","date_gmt":"2023-07-27T12:06:52","guid":{"rendered":"https:\/\/brandsandjoy.com\/about\/"},"modified":"2025-12-03T14:39:27","modified_gmt":"2025-12-03T11:39:27","slug":"hakkimizda","status":"publish","type":"page","link":"https:\/\/brandsandjoy.com\/tr\/hakkimizda\/","title":{"rendered":"Hakk\u0131m\u0131zda"},"content":{"rendered":"\t\t<div data-elementor-type=\"wp-page\" data-elementor-id=\"2817\" class=\"elementor elementor-2817 elementor-2036\" data-elementor-post-type=\"page\">\n\t\t\t\t\t\t<section class=\"elementor-section elementor-top-section elementor-element elementor-element-b7cef4b elementor-section-full_width elementor-section-height-default elementor-section-height-default\" data-id=\"b7cef4b\" data-element_type=\"section\" data-e-type=\"section\">\n\t\t\t\t\t\t<div class=\"elementor-container elementor-column-gap-no\">\n\t\t\t\t\t<div class=\"elementor-column elementor-col-100 elementor-top-column elementor-element elementor-element-071f8f2\" data-id=\"071f8f2\" data-element_type=\"column\" data-e-type=\"column\">\n\t\t\t<div class=\"elementor-widget-wrap elementor-element-populated\">\n\t\t\t\t<div class=\"elementor-element elementor-element-b554cfe e-grid e-con-boxed e-con e-parent\" data-id=\"b554cfe\" data-element_type=\"container\" data-e-type=\"container\">\n\t\t\t\t\t<div class=\"e-con-inner\">\n\t\t\t\t<div class=\"elementor-element elementor-element-dd6ea9e elementor-widget elementor-widget-image\" data-id=\"dd6ea9e\" data-element_type=\"widget\" data-e-type=\"widget\" data-widget_type=\"image.default\">\n\t\t\t\t<div class=\"elementor-widget-container\">\n\t\t\t\t\t\t\t\t\t\t\t\t\t\t\t<img decoding=\"async\" src=\"https:\/\/brandsandjoy.com\/wp-content\/uploads\/elementor\/thumbs\/ab6840d746f7ac4a66ec7a02ea0e23b2-r40fzgr2o7h119tp5v3tai8vqajvdpoj8pa4clne2k.webp\" title=\"ab6840d746f7ac4a66ec7a02ea0e23b2\" alt=\"ab6840d746f7ac4a66ec7a02ea0e23b2\" loading=\"lazy\" \/>\t\t\t\t\t\t\t\t\t\t\t\t\t\t\t<\/div>\n\t\t\t\t<\/div>\n\t\t<div class=\"elementor-element elementor-element-0d5de63 e-con-full e-flex e-con e-child\" data-id=\"0d5de63\" data-element_type=\"container\" data-e-type=\"container\">\n\t\t\t\t<div class=\"elementor-element elementor-element-36a3716 elementor-widget elementor-widget-heading\" data-id=\"36a3716\" data-element_type=\"widget\" data-e-type=\"widget\" data-widget_type=\"heading.default\">\n\t\t\t\t<div class=\"elementor-widget-container\">\n\t\t\t\t\t<h2 class=\"elementor-heading-title elementor-size-default\">Hakk\u0131m\u0131zda Brands &amp; Joy<\/h2>\t\t\t\t<\/div>\n\t\t\t\t<\/div>\n\t\t\t\t<div class=\"elementor-element elementor-element-50a6bdc elementor-widget elementor-widget-heading\" data-id=\"50a6bdc\" data-element_type=\"widget\" data-e-type=\"widget\" data-widget_type=\"heading.default\">\n\t\t\t\t<div class=\"elementor-widget-container\">\n\t\t\t\t\t<h4 class=\"elementor-heading-title elementor-size-default\">Brands &amp; Joy, estetik, strateji ve iyi ya\u015fam anlay\u0131\u015f\u0131n\u0131n bir araya geldi\u011fi anlaml\u0131 deneyimler yaratma iste\u011finden do\u011fdu.\nTasar\u0131m, ileti\u015fim ve deneyim odakl\u0131 projelerde uzun y\u0131llar \u00e7al\u0131\u015ft\u0131ktan sonra, markalar\u0131n daha y\u00fcksek sesle de\u011fil; daha derinden var olabildi\u011fi bir alan yaratmak istedim.<\/h4>\t\t\t\t<\/div>\n\t\t\t\t<\/div>\n\t\t\t\t<div class=\"elementor-element elementor-element-37ee211 elementor-widget elementor-widget-text-editor\" data-id=\"37ee211\" data-element_type=\"widget\" data-e-type=\"widget\" data-widget_type=\"text-editor.default\">\n\t\t\t\t<div class=\"elementor-widget-container\">\n\t\t\t\t\t\t\t\t\t<p>Biz g\u00fcr\u00fclt\u00fc yaratmay\u0131z.<br \/>Biz <span style=\"color: #ffffff;\">varl\u0131k<\/span> yarat\u0131r\u0131z.<\/p>\t\t\t\t\t\t\t\t<\/div>\n\t\t\t\t<\/div>\n\t\t\t\t<div class=\"elementor-element elementor-element-9d40e1d elementor-widget elementor-widget-text-editor\" data-id=\"9d40e1d\" data-element_type=\"widget\" data-e-type=\"widget\" data-widget_type=\"text-editor.default\">\n\t\t\t\t<div class=\"elementor-widget-container\">\n\t\t\t\t\t\t\t\t\t<p>Bizim i\u00e7in l\u00fcks; abart\u0131dan \u00e7ok, niyet, duyularla kurulan ba\u011f ve yava\u015flaman\u0131n de\u011feridir.<\/p><p>Wellness odakl\u0131 bulu\u015fmalar, longevity deneyimleri, \u00e7ok duyulu rit\u00fceller ve se\u00e7kin marka aktivasyonlar\u0131yla; insanlar\u0131n hem ana hem de markan\u0131n hik\u00e2yesine <span style=\"color: #ffffff;\">daha g\u00fc\u00e7l\u00fc bir ba\u011f kurmas\u0131n\u0131<\/span> sa\u011flayan deneyimler tasarl\u0131yoruz.<\/p>\t\t\t\t\t\t\t\t<\/div>\n\t\t\t\t<\/div>\n\t\t\t\t<div class=\"elementor-element elementor-element-5628b0e elementor-widget elementor-widget-icon-box\" data-id=\"5628b0e\" data-element_type=\"widget\" data-e-type=\"widget\" data-widget_type=\"icon-box.default\">\n\t\t\t\t<div class=\"elementor-widget-container\">\n\t\t\t\t\t\t\t<div class=\"elementor-icon-box-wrapper\">\n\n\t\t\t\n\t\t\t\t\t\t<div class=\"elementor-icon-box-content\">\n\n\t\t\t\t\t\t\t\t\t<h3 class=\"elementor-icon-box-title\">\n\t\t\t\t\t\t<span  >\n\t\t\t\t\t\t\tDidem Delikanl\u0131\t\t\t\t\t\t<\/span>\n\t\t\t\t\t<\/h3>\n\t\t\t\t\n\t\t\t\t\t\t\t\t\t<p class=\"elementor-icon-box-description\">\n\t\t\t\t\t\tFounder &amp; Creative Director\t\t\t\t\t<\/p>\n\t\t\t\t\n\t\t\t<\/div>\n\t\t\t\n\t\t<\/div>\n\t\t\t\t\t\t<\/div>\n\t\t\t\t<\/div>\n\t\t\t\t<\/div>\n\t\t\t\t\t<\/div>\n\t\t\t\t<\/div>\n\t\t\t\t\t<\/div>\n\t\t<\/div>\n\t\t\t\t\t<\/div>\n\t\t<\/section>\n\t\t\t\t<section class=\"elementor-section elementor-top-section elementor-element elementor-element-8464f76 elementor-section-full_width elementor-section-height-default elementor-section-height-default\" data-id=\"8464f76\" data-element_type=\"section\" data-e-type=\"section\">\n\t\t\t\t\t\t<div class=\"elementor-container elementor-column-gap-no\">\n\t\t\t\t\t<div class=\"elementor-column elementor-col-100 elementor-top-column elementor-element elementor-element-125ebd6\" data-id=\"125ebd6\" data-element_type=\"column\" data-e-type=\"column\">\n\t\t\t<div class=\"elementor-widget-wrap elementor-element-populated\">\n\t\t\t\t\t\t<div class=\"elementor-element elementor-element-a1f22a8 elementor-widget elementor-widget-ogency-sliding-text\" data-id=\"a1f22a8\" data-element_type=\"widget\" data-e-type=\"widget\" data-widget_type=\"ogency-sliding-text.default\">\n\t\t\t\t<div class=\"elementor-widget-container\">\n\t\t\t\t\t\r\n    <!--Sliding Text Start -->\r\n    <section class=\"sliding-text @@extraClassName\">\r\n        <div class=\"sliding-text__wrap\">\r\n            <ul class=\"sliding-text__list list-unstyled\">\r\n                                    <li class=\"\">Birlikte ruhlu,  <span>b\u00fcy\u00fcleyici ve unutulmaz bir \u015fey yaratal\u0131m.<\/span><\/li>                                    <li class=\" \">Birlikte ruhlu,  <span>b\u00fcy\u00fcleyici ve unutulmaz bir \u015fey yaratal\u0131m.<\/span><\/li>                                    <li class=\"  \">Birlikte ruhlu,  <span>b\u00fcy\u00fcleyici ve unutulmaz bir \u015fey yaratal\u0131m.<\/span><\/li>                                    <li class=\"   \">Birlikte ruhlu,  <span>b\u00fcy\u00fcleyici ve unutulmaz bir \u015fey yaratal\u0131m.<\/span><\/li>                                    <li class=\"    \">Birlikte ruhlu,  <span>b\u00fcy\u00fcleyici ve unutulmaz bir \u015fey yaratal\u0131m.<\/span><\/li>                                    <li class=\"     \">Birlikte ruhlu,  <span>b\u00fcy\u00fcleyici ve unutulmaz bir \u015fey yaratal\u0131m.<\/span><\/li>                                    <li class=\"      \">Birlikte ruhlu,  <span>b\u00fcy\u00fcleyici ve unutulmaz bir \u015fey yaratal\u0131m.<\/span><\/li>                                    <li class=\"       \">Birlikte ruhlu,  <span>b\u00fcy\u00fcleyici ve unutulmaz bir \u015fey yaratal\u0131m.<\/span><\/li>                                    <li class=\"        \">Birlikte ruhlu,  <span>b\u00fcy\u00fcleyici ve unutulmaz bir \u015fey yaratal\u0131m.<\/span><\/li>                                    <li class=\"         \">Birlikte ruhlu,  <span>b\u00fcy\u00fcleyici ve unutulmaz bir \u015fey yaratal\u0131m.<\/span><\/li>                            <\/ul>\r\n        <\/div>\r\n    <\/section>\r\n    <!--Sliding Text Start -->\r\n\t\t\t\t<\/div>\n\t\t\t\t<\/div>\n\t\t\t\t\t<\/div>\n\t\t<\/div>\n\t\t\t\t\t<\/div>\n\t\t<\/section>\n\t\t<div class=\"elementor-element elementor-element-8e4ca81 e-flex e-con-boxed e-con e-parent\" data-id=\"8e4ca81\" data-element_type=\"container\" data-e-type=\"container\">\n\t\t\t\t\t<div class=\"e-con-inner\">\n\t\t\t\t<div class=\"elementor-element elementor-element-3f4750b elementor-widget elementor-widget-heading\" data-id=\"3f4750b\" data-element_type=\"widget\" data-e-type=\"widget\" data-widget_type=\"heading.default\">\n\t\t\t\t<div class=\"elementor-widget-container\">\n\t\t\t\t\t<h2 class=\"elementor-heading-title elementor-size-default\">What we believe in<\/h2>\t\t\t\t<\/div>\n\t\t\t\t<\/div>\n\t\t\t\t<div class=\"elementor-element elementor-element-b3d32f4 elementor-align-center elementor-icon-list--layout-traditional elementor-list-item-link-full_width elementor-widget elementor-widget-icon-list\" data-id=\"b3d32f4\" data-element_type=\"widget\" data-e-type=\"widget\" data-widget_type=\"icon-list.default\">\n\t\t\t\t<div class=\"elementor-widget-container\">\n\t\t\t\t\t\t\t<ul class=\"elementor-icon-list-items\">\n\t\t\t\t\t\t\t<li class=\"elementor-icon-list-item\">\n\t\t\t\t\t\t\t\t\t\t<span class=\"elementor-icon-list-text\">Aesthetics is energy.<\/span>\n\t\t\t\t\t\t\t\t\t<\/li>\n\t\t\t\t\t\t\t\t<li class=\"elementor-icon-list-item\">\n\t\t\t\t\t\t\t\t\t\t<span class=\"elementor-icon-list-text\">Every touchpoint matters.<\/span>\n\t\t\t\t\t\t\t\t\t<\/li>\n\t\t\t\t\t\t\t\t<li class=\"elementor-icon-list-item\">\n\t\t\t\t\t\t\t\t\t\t<span class=\"elementor-icon-list-text\">Presence is more powerful than perfection.<\/span>\n\t\t\t\t\t\t\t\t\t<\/li>\n\t\t\t\t\t\t\t\t<li class=\"elementor-icon-list-item\">\n\t\t\t\t\t\t\t\t\t\t<span class=\"elementor-icon-list-text\">Joy is the most magnetic strategy.<\/span>\n\t\t\t\t\t\t\t\t\t<\/li>\n\t\t\t\t\t\t<\/ul>\n\t\t\t\t\t\t<\/div>\n\t\t\t\t<\/div>\n\t\t\t\t\t<\/div>\n\t\t\t\t<\/div>\n\t\t\t\t<\/div>\n\t\t","protected":false},"excerpt":{"rendered":"<p>Hakk\u0131m\u0131zda Brands &amp; Joy Brands &amp; Joy, estetik, strateji ve iyi ya\u015fam anlay\u0131\u015f\u0131n\u0131n bir araya geldi\u011fi anlaml\u0131 deneyimler yaratma iste\u011finden do\u011fdu. Tasar\u0131m, ileti\u015fim ve deneyim odakl\u0131 projelerde uzun y\u0131llar \u00e7al\u0131\u015ft\u0131ktan sonra, markalar\u0131n daha y\u00fcksek sesle de\u011fil; daha derinden var olabildi\u011fi bir alan yaratmak istedim. Biz g\u00fcr\u00fclt\u00fc yaratmay\u0131z.Biz varl\u0131k yarat\u0131r\u0131z. Bizim i\u00e7in l\u00fcks; abart\u0131dan \u00e7ok, niyet, [&hellip;]<\/p>\n","protected":false},"author":1,"featured_media":0,"parent":0,"menu_order":0,"comment_status":"closed","ping_status":"closed","template":"elementor_header_footer","meta":{"footnotes":""},"class_list":["post-2817","page","type-page","status-publish","hentry"],"_links":{"self":[{"href":"https:\/\/brandsandjoy.com\/tr\/wp-json\/wp\/v2\/pages\/2817","targetHints":{"allow":["GET"]}}],"collection":[{"href":"https:\/\/brandsandjoy.com\/tr\/wp-json\/wp\/v2\/pages"}],"about":[{"href":"https:\/\/brandsandjoy.com\/tr\/wp-json\/wp\/v2\/types\/page"}],"author":[{"embeddable":true,"href":"https:\/\/brandsandjoy.com\/tr\/wp-json\/wp\/v2\/users\/1"}],"replies":[{"embeddable":true,"href":"https:\/\/brandsandjoy.com\/tr\/wp-json\/wp\/v2\/comments?post=2817"}],"version-history":[{"count":0,"href":"https:\/\/brandsandjoy.com\/tr\/wp-json\/wp\/v2\/pages\/2817\/revisions"}],"wp:attachment":[{"href":"https:\/\/brandsandjoy.com\/tr\/wp-json\/wp\/v2\/media?parent=2817"}],"curies":[{"name":"wp","href":"https:\/\/api.w.org\/{rel}","templated":true}]}}